{"id":11339,"date":"2012-10-19T12:37:15","date_gmt":"2012-10-19T12:37:15","guid":{"rendered":"http:\/\/template-demos.com\/wp\/WP01\/WP010005\/?page_id=2"},"modified":"2012-10-19T12:37:15","modified_gmt":"2012-10-19T12:37:15","slug":"about-us","status":"publish","type":"page","link":"https:\/\/bestsneakerguide.com\/de\/about-us\/","title":{"rendered":"\u00dcber uns"},"content":{"rendered":"<h1>\u00dcber uns<\/h1>\n<p>Willkommen auf der ausf\u00fchrlichen Testseite von bestsneakerguide! Hier geht es darum, die umfassendsten und treffsichersten Schuhtests zu liefern, damit du das perfekte Paar findest, egal ob du ein Schuh-Enthusiast oder jemand bist, der nur auf professionelle Tritte steht.<\/p>\n<p><strong>Unsere \u00dcberpr\u00fcfungsmethodik<\/strong><\/p>\n<p>Bei bestsneakerguide verfolgen wir einen wissenschaftlichen, geradlinigen Testansatz, um sicherzustellen, dass unsere Ergebnisse felsenfest sind und sich f\u00fcr Sie lohnen. Unser Testteam besteht aus erfahrenen Profis, die jedes Paar auf Herz und Nieren pr\u00fcfen, vom Material \u00fcber den Komfort bis hin zum Design.<\/p>\n<p><strong>Was wir abdecken<\/strong><\/p>\n<p>Auf unserer Schuhpr\u00fcfungsseite finden Sie alle Arten von Schuhen, von l\u00e4ssig \u00fcber sportlich bis hin zu formell. Egal, ob du auf flotte oder bequeme Schuhe stehst, wir haben alles f\u00fcr dich. Hier ist, was Sie auf unserer Testseite finden:<\/p>\n<ol>\n<li><strong>Material und Handwerkskunst<\/strong>: Wir nehmen die Materialien und die Verarbeitung jedes Schuhs unter die Lupe und analysieren die Qualit\u00e4t und Haltbarkeit, damit Sie wissen, worauf Sie sich einlassen.<\/li>\n<li><strong>Komfort-Analyse<\/strong>: Wir besch\u00e4ftigen uns eingehend mit dem Thema Komfort, von der Einlegesohle \u00fcber die Laufsohle bis hin zur Passform, und helfen Ihnen, das perfekte Paar f\u00fcr Ihre F\u00fc\u00dfe zu finden.<\/li>\n<li><strong>Design und Stil<\/strong>: Wir geben Ihnen Einblicke in Schuhdesign, Farbkombinationen und Stiltipps, damit Sie immer frisch und selbstbewusst aussehen.<\/li>\n<li><strong>Benutzer-Feedback<\/strong>: Neben unseren Expertenbewertungen geht es uns vor allem um die Meinung der Nutzer. Teilen Sie Ihre eigenen Erfahrungen und Bewertungen mit, um anderen Schuhfans einen Einblick zu geben.<\/li>\n<\/ol>\n<p><strong>Warum bestsneakerguide w\u00e4hlen<\/strong><\/p>\n<p>Die Wahl von bestsneakerguide bedeutet, dass Sie die zuverl\u00e4ssigsten und umfassendsten Informationen \u00fcber Schuhe erhalten, die es gibt. Unser Ziel ist es, Ihnen dabei zu helfen, kluge K\u00e4ufe zu t\u00e4tigen und die Schuhe zu finden, die am besten zu Ihnen passen. Egal, ob du Wert auf Stil oder Komfort legst, bei bestsneakerguide bist du an der richtigen Adresse!<\/p>\n<p>Sind Sie bereit, Ihr Schuhspiel zu verbessern? Dann nichts wie los zu bestsneakerguide!<\/p>","protected":false},"excerpt":{"rendered":"<p>About Us Welcome to the in-depth review page of bestsneakerguide! Here, we&#8217;re all about delivering the most comprehensive, spot-on shoe reviews to help you nail down the perfect pair, whether you&#8217;re a shoe enthusiast or someone who&#8217;s all about professional kicks. Our Review Methodology At bestsneakerguide, we roll with a scientific, straight-up review approach to [&hellip;]<\/p>","protected":false},"author":1,"featured_media":0,"parent":0,"menu_order":0,"comment_status":"closed","ping_status":"closed","template":"","meta":{"slim_seo":{"title":"About Us - Best Sneaker Guide","description":"About Us Welcome to the in-depth review page of bestsneakerguide! Here, we're all about delivering the most comprehensive, spot-on shoe reviews to help you nail"},"footnotes":""},"class_list":["post-11339","page","type-page","status-publish","hentry"],"_links":{"self":[{"href":"https:\/\/bestsneakerguide.com\/de\/wp-json\/wp\/v2\/pages\/11339","targetHints":{"allow":["GET"]}}],"collection":[{"href":"https:\/\/bestsneakerguide.com\/de\/wp-json\/wp\/v2\/pages"}],"about":[{"href":"https:\/\/bestsneakerguide.com\/de\/wp-json\/wp\/v2\/types\/page"}],"author":[{"embeddable":true,"href":"https:\/\/bestsneakerguide.com\/de\/wp-json\/wp\/v2\/users\/1"}],"replies":[{"embeddable":true,"href":"https:\/\/bestsneakerguide.com\/de\/wp-json\/wp\/v2\/comments?post=11339"}],"version-history":[{"count":0,"href":"https:\/\/bestsneakerguide.com\/de\/wp-json\/wp\/v2\/pages\/11339\/revisions"}],"wp:attachment":[{"href":"https:\/\/bestsneakerguide.com\/de\/wp-json\/wp\/v2\/media?parent=11339"}],"curies":[{"name":"wp","href":"https:\/\/api.w.org\/{rel}","templated":true}]}}