{"id":476,"date":"2012-10-22T12:16:48","date_gmt":"2012-10-22T12:16:48","guid":{"rendered":"http:\/\/template-demos.com\/wp\/WP01\/WP010005\/?page_id=10"},"modified":"2012-10-22T12:16:48","modified_gmt":"2012-10-22T12:16:48","slug":"contact-us-2","status":"publish","type":"page","link":"https:\/\/bestsneakerguide.com\/de\/contact-us-2\/","title":{"rendered":"Kontakt"},"content":{"rendered":"<p>M\u00f6chten Sie etwas erreichen? Bei bestsneakerguide haben wir immer ein offenes Ohr und sind bereit, mit dir in Kontakt zu treten. Egal, ob du Fragen hast, Feedback gibst oder einfach nur ein bisschen quatschen willst, wir sind f\u00fcr dich da. Hier ist, wie Sie uns kontaktieren k\u00f6nnen:<\/p>\n<p><strong>Schreiben Sie uns eine Zeile<\/strong><\/p>\n<p>Haben Sie etwas auf dem Herzen? Schicken Sie uns eine E-Mail an <a target=\"_new\" rel=\"noopener\">Kontakt linyue7000@gmail.com<\/a>. Unser Team steht bereit, um Ihre Fragen zu beantworten und Sie bei Bedarf zu unterst\u00fctzen.<\/p>\n<p><strong>F\u00fcllen Sie das Formular aus<\/strong><\/p>\n<p>Haben Sie eine kurze Frage oder einen Kommentar? Schreiben Sie uns eine Nachricht \u00fcber das Kontaktformular unten. Wir melden uns in k\u00fcrzester Zeit bei Ihnen!<\/p>\n<p><strong>Kundenbetreuung<\/strong><\/p>\n<p>Ben\u00f6tigen Sie Unterst\u00fctzung bei einer Bestellung oder haben Sie eine produktbezogene Anfrage? Unser engagiertes Kundenserviceteam ist f\u00fcr Sie da. Erreichen Sie uns unter <a target=\"_new\" rel=\"noopener\">Kunden-<\/a><a target=\"_new\" rel=\"noopener\">linyue7000@gmail.com <\/a>f\u00fcr prompte Hilfe.<\/p>\n<p><strong>Kooperationen und Partnerschaften<\/strong><\/p>\n<p>Sind Sie daran interessiert, mit uns zusammenzuarbeiten oder Partner zu werden? Wir sind immer auf der Suche nach spannenden M\u00f6glichkeiten. Wenden Sie sich an unser Partnerschafts-Team unter <a target=\"_new\" rel=\"noopener\">linyue7000@gmail.com<\/a>\u00a0um m\u00f6gliche Kooperationen zu besprechen.<\/p>\n<p><strong>Werden Sie Mitglied unserer Gemeinschaft<\/strong><\/p>\n<p>Werden Sie Teil der bestsneakerguide-Community! Melde dich f\u00fcr unseren Newsletter an und erhalte exklusive Angebote, fr\u00fchzeitigen Zugang zu Bewertungen und Insider-Inhalte direkt in deinen Posteingang.<\/p>\n<p>Wir bei bestsneakerguide sch\u00e4tzen Ihre Meinung und sind bestrebt, die bestm\u00f6gliche Erfahrung f\u00fcr unser Publikum zu bieten. Z\u00f6gern Sie nicht, uns zu kontaktieren - wir sind hier, um Ihnen zu helfen, Ihr Sneaker-Spiel zu verbessern!<\/p>\n<p>Bleiben Sie mit uns in Verbindung und halten Sie das Gespr\u00e4ch \u00fcber Turnschuhe in Gang!<\/p>","protected":false},"excerpt":{"rendered":"<p>Looking to reach out? At bestsneakerguide, we&#8217;re all ears and ready to connect. Whether you&#8217;ve got questions, feedback, or just want to chat kicks, we&#8217;re here for it. Here&#8217;s how you can get in touch: Drop Us a Line Have something on your mind? Shoot us an email at contact linyue7000@gmail.com. Our team is standing [&hellip;]<\/p>","protected":false},"author":1,"featured_media":0,"parent":0,"menu_order":0,"comment_status":"closed","ping_status":"closed","template":"","meta":{"slim_seo":{"title":"Contact Us - Best Sneaker Guide","description":"Looking to reach out? At bestsneakerguide, we're all ears and ready to connect. Whether you've got questions, feedback, or just want to chat kicks, we're here f"},"footnotes":""},"class_list":["post-476","page","type-page","status-publish","hentry"],"_links":{"self":[{"href":"https:\/\/bestsneakerguide.com\/de\/wp-json\/wp\/v2\/pages\/476","targetHints":{"allow":["GET"]}}],"collection":[{"href":"https:\/\/bestsneakerguide.com\/de\/wp-json\/wp\/v2\/pages"}],"about":[{"href":"https:\/\/bestsneakerguide.com\/de\/wp-json\/wp\/v2\/types\/page"}],"author":[{"embeddable":true,"href":"https:\/\/bestsneakerguide.com\/de\/wp-json\/wp\/v2\/users\/1"}],"replies":[{"embeddable":true,"href":"https:\/\/bestsneakerguide.com\/de\/wp-json\/wp\/v2\/comments?post=476"}],"version-history":[{"count":0,"href":"https:\/\/bestsneakerguide.com\/de\/wp-json\/wp\/v2\/pages\/476\/revisions"}],"wp:attachment":[{"href":"https:\/\/bestsneakerguide.com\/de\/wp-json\/wp\/v2\/media?parent=476"}],"curies":[{"name":"wp","href":"https:\/\/api.w.org\/{rel}","templated":true}]}}