{"id":11339,"date":"2012-10-19T12:37:15","date_gmt":"2012-10-19T12:37:15","guid":{"rendered":"http:\/\/template-demos.com\/wp\/WP01\/WP010005\/?page_id=2"},"modified":"2012-10-19T12:37:15","modified_gmt":"2012-10-19T12:37:15","slug":"about-us","status":"publish","type":"page","link":"https:\/\/bestsneakerguide.com\/it\/about-us\/","title":{"rendered":"Chi siamo"},"content":{"rendered":"<h1>Chi siamo<\/h1>\n<p>Benvenuti nella pagina delle recensioni approfondite di bestsneakerguide! Qui ci occupiamo di fornire le recensioni di scarpe pi\u00f9 complete e precise per aiutarvi a trovare il paio perfetto, sia che siate appassionati di scarpe che professionisti.<\/p>\n<p><strong>La nostra metodologia di revisione<\/strong><\/p>\n<p>Noi di bestsneakerguide adottiamo un approccio scientifico e diretto per garantire che le nostre scoperte siano solide e valide. La nostra squadra di recensori \u00e8 composta da professionisti esperti che mettono alla prova ogni paio di scarpe, dai materiali al comfort al design.<\/p>\n<p><strong>Cosa copriamo<\/strong><\/p>\n<p>La nostra pagina di recensioni di scarpe \u00e8 ricca di ogni tipo di calzature, da quelle casual a quelle sportive a quelle formali. Sia che vogliate essere eleganti, sia che vogliate stare comodi, abbiamo tutto ci\u00f2 che fa per voi. Ecco cosa troverete nella nostra pagina delle recensioni:<\/p>\n<ol>\n<li><strong>Materiale e artigianato<\/strong>: Analizziamo i materiali e l'artigianato di ogni scarpa, analizzandone la qualit\u00e0 e la durata in modo che possiate sapere a cosa andate incontro.<\/li>\n<li><strong>Analisi del comfort<\/strong>: Approfondiamo il tema del comfort, dalle solette alle suole, fino alla calzata, per aiutarvi a scegliere il paio perfetto per i vostri piedi.<\/li>\n<li><strong>Design e stile<\/strong>: Forniamo informazioni sul design delle scarpe, sulle combinazioni di colori e sui consigli di stile per mantenere un aspetto fresco e sicuro.<\/li>\n<li><strong>Feedback degli utenti<\/strong>: Al di l\u00e0 delle recensioni dei nostri esperti, noi puntiamo molto sui suggerimenti degli utenti. Condividete le vostre esperienze e le vostre valutazioni per dare ai colleghi appassionati di scarpe lo scoop interno.<\/li>\n<\/ol>\n<p><strong>Perch\u00e9 scegliere bestsneakerguide<\/strong><\/p>\n<p>Scegliere bestsneakerguide significa attingere alle informazioni pi\u00f9 autorevoli e complete sulle scarpe. La nostra missione \u00e8 quella di essere la vostra guida, aiutandovi a fare acquisti oculati e a trovare le scarpe pi\u00f9 adatte a voi. Che siate amanti dello stile o del comfort, bestsneakerguide \u00e8 il posto giusto per voi!<\/p>\n<p>Pronti a migliorare il vostro gioco di scarpe? Tuffatevi nella bestsneakerguide!<\/p>","protected":false},"excerpt":{"rendered":"<p>About Us Welcome to the in-depth review page of bestsneakerguide! Here, we&#8217;re all about delivering the most comprehensive, spot-on shoe reviews to help you nail down the perfect pair, whether you&#8217;re a shoe enthusiast or someone who&#8217;s all about professional kicks. Our Review Methodology At bestsneakerguide, we roll with a scientific, straight-up review approach to [&hellip;]<\/p>","protected":false},"author":1,"featured_media":0,"parent":0,"menu_order":0,"comment_status":"closed","ping_status":"closed","template":"","meta":{"slim_seo":{"title":"About Us - Best Sneaker Guide","description":"About Us Welcome to the in-depth review page of bestsneakerguide! Here, we're all about delivering the most comprehensive, spot-on shoe reviews to help you nail"},"footnotes":""},"class_list":["post-11339","page","type-page","status-publish","hentry"],"_links":{"self":[{"href":"https:\/\/bestsneakerguide.com\/it\/wp-json\/wp\/v2\/pages\/11339","targetHints":{"allow":["GET"]}}],"collection":[{"href":"https:\/\/bestsneakerguide.com\/it\/wp-json\/wp\/v2\/pages"}],"about":[{"href":"https:\/\/bestsneakerguide.com\/it\/wp-json\/wp\/v2\/types\/page"}],"author":[{"embeddable":true,"href":"https:\/\/bestsneakerguide.com\/it\/wp-json\/wp\/v2\/users\/1"}],"replies":[{"embeddable":true,"href":"https:\/\/bestsneakerguide.com\/it\/wp-json\/wp\/v2\/comments?post=11339"}],"version-history":[{"count":0,"href":"https:\/\/bestsneakerguide.com\/it\/wp-json\/wp\/v2\/pages\/11339\/revisions"}],"wp:attachment":[{"href":"https:\/\/bestsneakerguide.com\/it\/wp-json\/wp\/v2\/media?parent=11339"}],"curies":[{"name":"wp","href":"https:\/\/api.w.org\/{rel}","templated":true}]}}